{"id":1790,"date":"2024-10-11T09:50:08","date_gmt":"2024-10-11T07:50:08","guid":{"rendered":"https:\/\/www.fruyper.com\/a-propos\/"},"modified":"2025-01-14T16:59:57","modified_gmt":"2025-01-14T15:59:57","slug":"a-propos","status":"publish","type":"page","link":"https:\/\/www.fruyper.com\/fr\/a-propos\/","title":{"rendered":"\u00c0 propos"},"content":{"rendered":"\t\t<div data-elementor-type=\"wp-page\" data-elementor-id=\"1790\" class=\"elementor elementor-1790 elementor-285\" data-elementor-post-type=\"page\">\n\t\t\t\t<div class=\"elementor-element elementor-element-f13e739 heroparalax e-flex e-con-boxed e-con e-parent\" data-id=\"f13e739\" data-element_type=\"container\" data-settings=\"{&quot;background_background&quot;:&quot;classic&quot;}\">\n\t\t\t\t\t<div class=\"e-con-inner\">\n\t\t\t\t<div class=\"elementor-element elementor-element-c71cc40 elementor-widget elementor-widget-heading\" data-id=\"c71cc40\" data-element_type=\"widget\" data-widget_type=\"heading.default\">\n\t\t\t\t<div class=\"elementor-widget-container\">\n\t\t\t\t\t<h2 class=\"elementor-heading-title elementor-size-default\">Du champ \u00e0 votre table<\/h2>\t\t\t\t<\/div>\n\t\t\t\t<\/div>\n\t\t\t\t\t<\/div>\n\t\t\t\t<\/div>\n\t\t<div class=\"elementor-element elementor-element-dbf3f0b e-flex e-con-boxed e-con e-parent\" data-id=\"dbf3f0b\" data-element_type=\"container\">\n\t\t\t\t\t<div class=\"e-con-inner\">\n\t\t<div class=\"elementor-element elementor-element-eebe834 e-con-full e-flex e-con e-child\" data-id=\"eebe834\" data-element_type=\"container\">\n\t\t<div class=\"elementor-element elementor-element-fb9d426 e-con-full e-flex e-con e-child\" data-id=\"fb9d426\" data-element_type=\"container\">\n\t\t\t\t<div class=\"elementor-element elementor-element-6577709 elementor-widget elementor-widget-heading\" data-id=\"6577709\" data-element_type=\"widget\" data-widget_type=\"heading.default\">\n\t\t\t\t<div class=\"elementor-widget-container\">\n\t\t\t\t\t<h2 class=\"elementor-heading-title elementor-size-default\">\u00c0 PROPOS<\/h2>\t\t\t\t<\/div>\n\t\t\t\t<\/div>\n\t\t\t\t<div class=\"elementor-element elementor-element-9c71bc5 elementor-widget elementor-widget-heading\" data-id=\"9c71bc5\" data-element_type=\"widget\" data-widget_type=\"heading.default\">\n\t\t\t\t<div class=\"elementor-widget-container\">\n\t\t\t\t\t<h3 class=\"elementor-heading-title elementor-size-default\">\"Toujours \u00e0 la pointe de l\u2019innovation, tout en respectant les valeurs traditionnelles qui inspirent notre travail quotidien et nous permettent de maintenir des niveaux de qualit\u00e9 exceptionnels dans chacune des recettes que nous \u00e9laborons.\"<\/h3>\t\t\t\t<\/div>\n\t\t\t\t<\/div>\n\t\t\t\t<\/div>\n\t\t<div class=\"elementor-element elementor-element-25a6433 e-con-full e-flex e-con e-child\" data-id=\"25a6433\" data-element_type=\"container\">\n\t\t\t\t<div class=\"elementor-element elementor-element-379b98b elementor-widget__width-initial elementor-widget-tablet__width-inherit elementor-widget elementor-widget-text-editor\" data-id=\"379b98b\" data-element_type=\"widget\" data-widget_type=\"text-editor.default\">\n\t\t\t\t<div class=\"elementor-widget-container\">\n\t\t\t\t\t\t\t\t\t<p><strong>Fruyper<\/strong> est une entreprise profond\u00e9ment <strong>enracin\u00e9e<\/strong> dans la <strong>tradition<\/strong>. L\u2019histoire d\u00e9bute avec une id\u00e9e audacieuse, celle de Antonio P\u00e9rez, anim\u00e9 par une passion d\u00e9bordante pour les olives qu\u2019il livrait lui-m\u00eame \u00e0 moto. Avec le temps, Fruyper a \u00e9volu\u00e9 pour se consacrer \u00e0 l\u2019art de transformer des olives aux multiples vari\u00e9t\u00e9s, atteignant ainsi le statut d\u2019acteur cl\u00e9 du secteur.<\/p>\n\t\t\t\t\t\t\t\t<\/div>\n\t\t\t\t<\/div>\n\t\t\t\t<\/div>\n\t\t\t\t<\/div>\n\t\t\t\t\t<\/div>\n\t\t\t\t<\/div>\n\t\t<div class=\"elementor-element elementor-element-0d06d17 e-flex e-con-boxed e-con e-parent\" data-id=\"0d06d17\" data-element_type=\"container\">\n\t\t\t\t\t<div class=\"e-con-inner\">\n\t\t<div class=\"elementor-element elementor-element-2071cc3 e-con-full genparalax gp-up e-flex e-con e-child\" data-id=\"2071cc3\" data-element_type=\"container\" data-settings=\"{&quot;background_background&quot;:&quot;classic&quot;}\">\n\t\t\t\t<\/div>\n\t\t\t\t\t<\/div>\n\t\t\t\t<\/div>\n\t\t<div class=\"elementor-element elementor-element-d5a4723 e-flex e-con-boxed e-con e-parent\" data-id=\"d5a4723\" data-element_type=\"container\">\n\t\t\t\t\t<div class=\"e-con-inner\">\n\t\t\t\t<div class=\"elementor-element elementor-element-4824b27 elementor-widget__width-initial elementor-widget elementor-widget-heading\" data-id=\"4824b27\" data-element_type=\"widget\" data-widget_type=\"heading.default\">\n\t\t\t\t<div class=\"elementor-widget-container\">\n\t\t\t\t\t<h2 class=\"elementor-heading-title elementor-size-default\">15 millions de kilos d\u2019olives par an<\/h2>\t\t\t\t<\/div>\n\t\t\t\t<\/div>\n\t\t<div class=\"elementor-element elementor-element-33002c5 e-con-full e-flex e-con e-child\" data-id=\"33002c5\" data-element_type=\"container\">\n\t\t<div class=\"elementor-element elementor-element-fedb58d e-con-full e-grid e-con e-child\" data-id=\"fedb58d\" data-element_type=\"container\">\n\t\t\t\t<div class=\"elementor-element elementor-element-a2ef55a elementor-widget elementor-widget-text-editor\" data-id=\"a2ef55a\" data-element_type=\"widget\" data-widget_type=\"text-editor.default\">\n\t\t\t\t<div class=\"elementor-widget-container\">\n\t\t\t\t\t\t\t\t\t<p>Notre histoire est li\u00e9e \u00e0 l\u2019\u00e9volution d\u2019une tradition familiale, fortement ancr\u00e9e dans le monde des conserves, une vie enti\u00e8rement consacr\u00e9e \u00e0 la production d\u2019olives et de conserves. Depuis 1962, nous nous effor\u00e7ons de produire et d\u2019offrir des olives et des conserves \u00e0 haute valeur ajout\u00e9e.<br \/>\n<strong>Notre passion<\/strong> guide chacune de nos actions, telle est <strong>notre philosophie<\/strong>. Elle nous permet de cr\u00e9er un produit qui se distingue par sa qualit\u00e9 d\u00e8s la racine\u00a0; nos mati\u00e8res premi\u00e8res sont issues de <strong>cultures responsables, respectueuses<\/strong> des meilleures pratiques agricoles. Nous choisissons m\u00e9ticuleusement les fruits qui seront trait\u00e9s, avec une attention particuli\u00e8re \u00e0 chaque d\u00e9tail. L\u2019innovation est au c\u0153ur de notre d\u00e9marche pour garantir l\u2019excellence et offrir de <strong>nouvelles saveurs, en harmonie avec les tendances actuelles<\/strong>.<\/p>\n\t\t\t\t\t\t\t\t<\/div>\n\t\t\t\t<\/div>\n\t\t\t\t<div class=\"elementor-element elementor-element-15e3f3f elementor-widget elementor-widget-text-editor\" data-id=\"15e3f3f\" data-element_type=\"widget\" data-widget_type=\"text-editor.default\">\n\t\t\t\t<div class=\"elementor-widget-container\">\n\t\t\t\t\t\t\t\t\t<p>Depuis plus de 50 ans, <strong>nous sommes pleinement engag\u00e9s<\/strong> \u00e0 servir nos clients, \u00e0 \u00e9voluer avec eux et \u00e0 leur proposer un produit d\u2019une qualit\u00e9 remarquable.<\/p>\n<p>FRUYPER, S.A. dispose d\u2019une usine de r\u00e9colte et de transformation situ\u00e9e dans la province de Badajoz, o\u00f9 notre personnel qualifi\u00e9 r\u00e9colte, traite et s\u00e9lectionne les <strong>meilleures mati\u00e8res premi\u00e8res<\/strong>. Les fruits ainsi tri\u00e9s sont conditionn\u00e9s dans nos installations de Murcie. Ce syst\u00e8me de travail nous permet de suivre rigoureusement le produit, de la plantation jusqu\u2019\u00e0 votre table, garantissant ainsi la qualit\u00e9 exceptionnelle que nous offrons sous notre marque. <strong>L\u2019optimisation et le contr\u00f4le de l\u2019ensemble du processus<\/strong> nous permettent de proposer \u00e0 nos consommateurs des olives et des conserves de haute qualit\u00e9, toujours au <strong>meilleur prix<\/strong>.<\/p>\n\t\t\t\t\t\t\t\t<\/div>\n\t\t\t\t<\/div>\n\t\t\t\t<\/div>\n\t\t\t\t<\/div>\n\t\t\t\t\t<\/div>\n\t\t\t\t<\/div>\n\t\t<div class=\"elementor-element elementor-element-1727ab1 e-con-full e-flex e-con e-parent\" data-id=\"1727ab1\" data-element_type=\"container\">\n\t\t\t\t<div class=\"elementor-element elementor-element-998627a elementor-widget elementor-widget-template\" data-id=\"998627a\" data-element_type=\"widget\" data-widget_type=\"template.default\">\n\t\t\t\t<div class=\"elementor-widget-container\">\n\t\t\t\t\t\t\t<div class=\"elementor-template\">\n\t\t\t\t\t<div data-elementor-type=\"container\" data-elementor-id=\"1913\" class=\"elementor elementor-1913 elementor-310\" data-elementor-post-type=\"elementor_library\">\n\t\t\t\t<div class=\"elementor-element elementor-element-56906846 e-con-full e-flex e-con e-parent\" data-id=\"56906846\" data-element_type=\"container\" data-settings=\"{&quot;background_background&quot;:&quot;classic&quot;}\">\n\t\t<div class=\"elementor-element elementor-element-6127ee4d e-con-full e-flex e-con e-child\" data-id=\"6127ee4d\" data-element_type=\"container\">\n\t\t\t\t<div class=\"elementor-element elementor-element-7e6bd10e elementor-widget elementor-widget-heading\" data-id=\"7e6bd10e\" data-element_type=\"widget\" data-widget_type=\"heading.default\">\n\t\t\t\t<div class=\"elementor-widget-container\">\n\t\t\t\t\t<div class=\"elementor-heading-title elementor-size-default\">Vous avez une question\u00a0?<\/div>\t\t\t\t<\/div>\n\t\t\t\t<\/div>\n\t\t\t\t<div class=\"elementor-element elementor-element-d650ae1 elementor-widget elementor-widget-heading\" data-id=\"d650ae1\" data-element_type=\"widget\" data-widget_type=\"heading.default\">\n\t\t\t\t<div class=\"elementor-widget-container\">\n\t\t\t\t\t<div class=\"elementor-heading-title elementor-size-default\">\u00c9crivez-nous, laissez-nous vous aider.<\/div>\t\t\t\t<\/div>\n\t\t\t\t<\/div>\n\t\t\t\t<div class=\"elementor-element elementor-element-5481ac86 elementor-widget elementor-widget-button\" data-id=\"5481ac86\" data-element_type=\"widget\" data-widget_type=\"button.default\">\n\t\t\t\t<div class=\"elementor-widget-container\">\n\t\t\t\t\t\t\t\t\t<div class=\"elementor-button-wrapper\">\n\t\t\t\t\t<a class=\"elementor-button elementor-button-link elementor-size-sm\" href=\"https:\/\/www.fruyper.com\/fr\/contact\/\">\n\t\t\t\t\t\t<span class=\"elementor-button-content-wrapper\">\n\t\t\t\t\t\t\t\t\t<span class=\"elementor-button-text\">Nous contacter<\/span>\n\t\t\t\t\t<\/span>\n\t\t\t\t\t<\/a>\n\t\t\t\t<\/div>\n\t\t\t\t\t\t\t\t<\/div>\n\t\t\t\t<\/div>\n\t\t\t\t<\/div>\n\t\t\t\t<\/div>\n\t\t\t\t<\/div>\n\t\t\t\t<\/div>\n\t\t\t\t\t\t<\/div>\n\t\t\t\t<\/div>\n\t\t\t\t<\/div>\n\t\t\t\t<\/div>\n\t\t","protected":false},"excerpt":{"rendered":"<p>Du champ \u00e0 votre table \u00c0 PROPOS \u00ab\u00a0Toujours \u00e0 la pointe de l\u2019innovation, tout en respectant les valeurs traditionnelles qui inspirent notre travail quotidien et nous permettent de maintenir des niveaux de qualit\u00e9 exceptionnels dans chacune des recettes que nous \u00e9laborons.\u00a0\u00bb Fruyper est une entreprise profond\u00e9ment enracin\u00e9e dans la tradition. L\u2019histoire d\u00e9bute avec une id\u00e9e [&hellip;]<\/p>\n","protected":false},"author":1,"featured_media":0,"parent":0,"menu_order":0,"comment_status":"closed","ping_status":"closed","template":"","meta":{"_acf_changed":false,"footnotes":""},"class_list":["post-1790","page","type-page","status-publish","hentry"],"acf":[],"yoast_head":"<!-- This site is optimized with the Yoast SEO plugin v24.2 - https:\/\/yoast.com\/wordpress\/plugins\/seo\/ -->\n<title>\u00c0 propos - Fruyper<\/title>\n<meta name=\"robots\" content=\"index, follow, max-snippet:-1, max-image-preview:large, max-video-preview:-1\" \/>\n<link rel=\"canonical\" href=\"https:\/\/www.fruyper.com\/fr\/a-propos\/\" \/>\n<meta property=\"og:locale\" content=\"fr_FR\" \/>\n<meta property=\"og:type\" content=\"article\" \/>\n<meta property=\"og:title\" content=\"\u00c0 propos - Fruyper\" \/>\n<meta property=\"og:description\" content=\"Du champ \u00e0 votre table \u00c0 PROPOS \u00ab\u00a0Toujours \u00e0 la pointe de l\u2019innovation, tout en respectant les valeurs traditionnelles qui inspirent notre travail quotidien et nous permettent de maintenir des niveaux de qualit\u00e9 exceptionnels dans chacune des recettes que nous \u00e9laborons.\u00a0\u00bb Fruyper est une entreprise profond\u00e9ment enracin\u00e9e dans la tradition. L\u2019histoire d\u00e9bute avec une id\u00e9e [&hellip;]\" \/>\n<meta property=\"og:url\" content=\"https:\/\/www.fruyper.com\/fr\/a-propos\/\" \/>\n<meta property=\"og:site_name\" content=\"Fruyper\" \/>\n<meta property=\"article:publisher\" content=\"https:\/\/www.facebook.com\/AceitunasFruyper\/\" \/>\n<meta property=\"article:modified_time\" content=\"2025-01-14T15:59:57+00:00\" \/>\n<meta name=\"twitter:card\" content=\"summary_large_image\" \/>\n<meta name=\"twitter:site\" content=\"@fruyper\" \/>\n<meta name=\"twitter:label1\" content=\"Dur\u00e9e de lecture estim\u00e9e\" \/>\n\t<meta name=\"twitter:data1\" content=\"2 minutes\" \/>\n<script type=\"application\/ld+json\" class=\"yoast-schema-graph\">{\"@context\":\"https:\/\/schema.org\",\"@graph\":[{\"@type\":\"WebPage\",\"@id\":\"https:\/\/www.fruyper.com\/fr\/a-propos\/\",\"url\":\"https:\/\/www.fruyper.com\/fr\/a-propos\/\",\"name\":\"\u00c0 propos - Fruyper\",\"isPartOf\":{\"@id\":\"https:\/\/www.fruyper.com\/fr\/#website\"},\"datePublished\":\"2024-10-11T07:50:08+00:00\",\"dateModified\":\"2025-01-14T15:59:57+00:00\",\"breadcrumb\":{\"@id\":\"https:\/\/www.fruyper.com\/fr\/a-propos\/#breadcrumb\"},\"inLanguage\":\"fr-FR\",\"potentialAction\":[{\"@type\":\"ReadAction\",\"target\":[\"https:\/\/www.fruyper.com\/fr\/a-propos\/\"]}]},{\"@type\":\"BreadcrumbList\",\"@id\":\"https:\/\/www.fruyper.com\/fr\/a-propos\/#breadcrumb\",\"itemListElement\":[{\"@type\":\"ListItem\",\"position\":1,\"name\":\"Portada\",\"item\":\"https:\/\/www.fruyper.com\/fr\/\"},{\"@type\":\"ListItem\",\"position\":2,\"name\":\"\u00c0 propos\"}]},{\"@type\":\"WebSite\",\"@id\":\"https:\/\/www.fruyper.com\/fr\/#website\",\"url\":\"https:\/\/www.fruyper.com\/fr\/\",\"name\":\"Fruyper\",\"description\":\"Elaboraci\u00f3n de encurtidos y aceitunas Espa\u00f1a, Murcia\",\"publisher\":{\"@id\":\"https:\/\/www.fruyper.com\/fr\/#organization\"},\"potentialAction\":[{\"@type\":\"SearchAction\",\"target\":{\"@type\":\"EntryPoint\",\"urlTemplate\":\"https:\/\/www.fruyper.com\/fr\/?s={search_term_string}\"},\"query-input\":{\"@type\":\"PropertyValueSpecification\",\"valueRequired\":true,\"valueName\":\"search_term_string\"}}],\"inLanguage\":\"fr-FR\"},{\"@type\":\"Organization\",\"@id\":\"https:\/\/www.fruyper.com\/fr\/#organization\",\"name\":\"Fruyper\",\"url\":\"https:\/\/www.fruyper.com\/fr\/\",\"logo\":{\"@type\":\"ImageObject\",\"inLanguage\":\"fr-FR\",\"@id\":\"https:\/\/www.fruyper.com\/fr\/#\/schema\/logo\/image\/\",\"url\":\"https:\/\/www.fruyper.com\/wp-content\/uploads\/2024\/10\/logo_web.png\",\"contentUrl\":\"https:\/\/www.fruyper.com\/wp-content\/uploads\/2024\/10\/logo_web.png\",\"width\":513,\"height\":205,\"caption\":\"Fruyper\"},\"image\":{\"@id\":\"https:\/\/www.fruyper.com\/fr\/#\/schema\/logo\/image\/\"},\"sameAs\":[\"https:\/\/www.facebook.com\/AceitunasFruyper\/\",\"https:\/\/x.com\/fruyper\"]}]}<\/script>\n<!-- \/ Yoast SEO plugin. -->","yoast_head_json":{"title":"\u00c0 propos - Fruyper","robots":{"index":"index","follow":"follow","max-snippet":"max-snippet:-1","max-image-preview":"max-image-preview:large","max-video-preview":"max-video-preview:-1"},"canonical":"https:\/\/www.fruyper.com\/fr\/a-propos\/","og_locale":"fr_FR","og_type":"article","og_title":"\u00c0 propos - Fruyper","og_description":"Du champ \u00e0 votre table \u00c0 PROPOS \u00ab\u00a0Toujours \u00e0 la pointe de l\u2019innovation, tout en respectant les valeurs traditionnelles qui inspirent notre travail quotidien et nous permettent de maintenir des niveaux de qualit\u00e9 exceptionnels dans chacune des recettes que nous \u00e9laborons.\u00a0\u00bb Fruyper est une entreprise profond\u00e9ment enracin\u00e9e dans la tradition. L\u2019histoire d\u00e9bute avec une id\u00e9e [&hellip;]","og_url":"https:\/\/www.fruyper.com\/fr\/a-propos\/","og_site_name":"Fruyper","article_publisher":"https:\/\/www.facebook.com\/AceitunasFruyper\/","article_modified_time":"2025-01-14T15:59:57+00:00","twitter_card":"summary_large_image","twitter_site":"@fruyper","twitter_misc":{"Dur\u00e9e de lecture estim\u00e9e":"2 minutes"},"schema":{"@context":"https:\/\/schema.org","@graph":[{"@type":"WebPage","@id":"https:\/\/www.fruyper.com\/fr\/a-propos\/","url":"https:\/\/www.fruyper.com\/fr\/a-propos\/","name":"\u00c0 propos - Fruyper","isPartOf":{"@id":"https:\/\/www.fruyper.com\/fr\/#website"},"datePublished":"2024-10-11T07:50:08+00:00","dateModified":"2025-01-14T15:59:57+00:00","breadcrumb":{"@id":"https:\/\/www.fruyper.com\/fr\/a-propos\/#breadcrumb"},"inLanguage":"fr-FR","potentialAction":[{"@type":"ReadAction","target":["https:\/\/www.fruyper.com\/fr\/a-propos\/"]}]},{"@type":"BreadcrumbList","@id":"https:\/\/www.fruyper.com\/fr\/a-propos\/#breadcrumb","itemListElement":[{"@type":"ListItem","position":1,"name":"Portada","item":"https:\/\/www.fruyper.com\/fr\/"},{"@type":"ListItem","position":2,"name":"\u00c0 propos"}]},{"@type":"WebSite","@id":"https:\/\/www.fruyper.com\/fr\/#website","url":"https:\/\/www.fruyper.com\/fr\/","name":"Fruyper","description":"Elaboraci\u00f3n de encurtidos y aceitunas Espa\u00f1a, Murcia","publisher":{"@id":"https:\/\/www.fruyper.com\/fr\/#organization"},"potentialAction":[{"@type":"SearchAction","target":{"@type":"EntryPoint","urlTemplate":"https:\/\/www.fruyper.com\/fr\/?s={search_term_string}"},"query-input":{"@type":"PropertyValueSpecification","valueRequired":true,"valueName":"search_term_string"}}],"inLanguage":"fr-FR"},{"@type":"Organization","@id":"https:\/\/www.fruyper.com\/fr\/#organization","name":"Fruyper","url":"https:\/\/www.fruyper.com\/fr\/","logo":{"@type":"ImageObject","inLanguage":"fr-FR","@id":"https:\/\/www.fruyper.com\/fr\/#\/schema\/logo\/image\/","url":"https:\/\/www.fruyper.com\/wp-content\/uploads\/2024\/10\/logo_web.png","contentUrl":"https:\/\/www.fruyper.com\/wp-content\/uploads\/2024\/10\/logo_web.png","width":513,"height":205,"caption":"Fruyper"},"image":{"@id":"https:\/\/www.fruyper.com\/fr\/#\/schema\/logo\/image\/"},"sameAs":["https:\/\/www.facebook.com\/AceitunasFruyper\/","https:\/\/x.com\/fruyper"]}]}},"_links":{"self":[{"href":"https:\/\/www.fruyper.com\/fr\/wp-json\/wp\/v2\/pages\/1790","targetHints":{"allow":["GET"]}}],"collection":[{"href":"https:\/\/www.fruyper.com\/fr\/wp-json\/wp\/v2\/pages"}],"about":[{"href":"https:\/\/www.fruyper.com\/fr\/wp-json\/wp\/v2\/types\/page"}],"author":[{"embeddable":true,"href":"https:\/\/www.fruyper.com\/fr\/wp-json\/wp\/v2\/users\/1"}],"replies":[{"embeddable":true,"href":"https:\/\/www.fruyper.com\/fr\/wp-json\/wp\/v2\/comments?post=1790"}],"version-history":[{"count":1,"href":"https:\/\/www.fruyper.com\/fr\/wp-json\/wp\/v2\/pages\/1790\/revisions"}],"predecessor-version":[{"id":1793,"href":"https:\/\/www.fruyper.com\/fr\/wp-json\/wp\/v2\/pages\/1790\/revisions\/1793"}],"wp:attachment":[{"href":"https:\/\/www.fruyper.com\/fr\/wp-json\/wp\/v2\/media?parent=1790"}],"curies":[{"name":"wp","href":"https:\/\/api.w.org\/{rel}","templated":true}]}}