{"id":1799,"date":"2024-10-11T11:07:00","date_gmt":"2024-10-11T09:07:00","guid":{"rendered":"https:\/\/www.fruyper.com\/r-d-i\/"},"modified":"2025-01-14T17:15:41","modified_gmt":"2025-01-14T16:15:41","slug":"r-d-i","status":"publish","type":"page","link":"https:\/\/www.fruyper.com\/fr\/r-d-i\/","title":{"rendered":"R&#038;D&#038;I"},"content":{"rendered":"\t\t<div data-elementor-type=\"wp-page\" data-elementor-id=\"1799\" class=\"elementor elementor-1799 elementor-326\" data-elementor-post-type=\"page\">\n\t\t\t\t<div class=\"elementor-element elementor-element-f13e739 heroparalax e-flex e-con-boxed e-con e-parent\" data-id=\"f13e739\" data-element_type=\"container\" data-settings=\"{&quot;background_background&quot;:&quot;classic&quot;}\">\n\t\t\t\t\t<div class=\"e-con-inner\">\n\t\t\t\t<div class=\"elementor-element elementor-element-c71cc40 elementor-widget elementor-widget-heading\" data-id=\"c71cc40\" data-element_type=\"widget\" data-widget_type=\"heading.default\">\n\t\t\t\t<div class=\"elementor-widget-container\">\n\t\t\t\t\t<h2 class=\"elementor-heading-title elementor-size-default\">Nous parions sur l\u2019avenir<\/h2>\t\t\t\t<\/div>\n\t\t\t\t<\/div>\n\t\t\t\t\t<\/div>\n\t\t\t\t<\/div>\n\t\t<div class=\"elementor-element elementor-element-dbf3f0b e-flex e-con-boxed e-con e-parent\" data-id=\"dbf3f0b\" data-element_type=\"container\">\n\t\t\t\t\t<div class=\"e-con-inner\">\n\t\t<div class=\"elementor-element elementor-element-eebe834 e-con-full e-flex e-con e-child\" data-id=\"eebe834\" data-element_type=\"container\">\n\t\t<div class=\"elementor-element elementor-element-fb9d426 e-con-full e-flex e-con e-child\" data-id=\"fb9d426\" data-element_type=\"container\">\n\t\t\t\t<div class=\"elementor-element elementor-element-6577709 elementor-widget elementor-widget-heading\" data-id=\"6577709\" data-element_type=\"widget\" data-widget_type=\"heading.default\">\n\t\t\t\t<div class=\"elementor-widget-container\">\n\t\t\t\t\t<h2 class=\"elementor-heading-title elementor-size-default\">R&amp;D&amp;I<\/h2>\t\t\t\t<\/div>\n\t\t\t\t<\/div>\n\t\t\t\t<div class=\"elementor-element elementor-element-9c71bc5 elementor-widget elementor-widget-heading\" data-id=\"9c71bc5\" data-element_type=\"widget\" data-widget_type=\"heading.default\">\n\t\t\t\t<div class=\"elementor-widget-container\">\n\t\t\t\t\t<h3 class=\"elementor-heading-title elementor-size-default\">Nous encourageons les solutions innovantes et le d\u00e9veloppement continu des produits traditionnels.<\/h3>\t\t\t\t<\/div>\n\t\t\t\t<\/div>\n\t\t\t\t<\/div>\n\t\t<div class=\"elementor-element elementor-element-25a6433 e-con-full e-flex e-con e-child\" data-id=\"25a6433\" data-element_type=\"container\">\n\t\t\t\t<div class=\"elementor-element elementor-element-379b98b elementor-widget__width-initial elementor-widget-tablet__width-inherit elementor-widget elementor-widget-text-editor\" data-id=\"379b98b\" data-element_type=\"widget\" data-widget_type=\"text-editor.default\">\n\t\t\t\t<div class=\"elementor-widget-container\">\n\t\t\t\t\t\t\t\t\t<p>Nous sommes FRUYPER, une entreprise qui parie sur l\u2019avenir, en <strong>d\u00e9veloppement constant et en qu\u00eate de solutions innovantes<\/strong> que nous appliquons \u00e0 des produits fabriqu\u00e9s traditionnellement. Le succ\u00e8s de chacune de nos nouvelles propositions repose sur une <strong>veille attentive du march\u00e9 et sur une \u00e9quipe pleinement engag\u00e9e<\/strong> \u00e0 offrir des solutions innovantes, en ad\u00e9quation avec les tendances du march\u00e9.<\/p>\n\t\t\t\t\t\t\t\t<\/div>\n\t\t\t\t<\/div>\n\t\t\t\t<\/div>\n\t\t\t\t<\/div>\n\t\t\t\t\t<\/div>\n\t\t\t\t<\/div>\n\t\t<div class=\"elementor-element elementor-element-0d06d17 e-flex e-con-boxed e-con e-parent\" data-id=\"0d06d17\" data-element_type=\"container\">\n\t\t\t\t\t<div class=\"e-con-inner\">\n\t\t<div class=\"elementor-element elementor-element-2071cc3 e-con-full genparalax gp-up e-flex e-con e-child\" data-id=\"2071cc3\" data-element_type=\"container\" data-settings=\"{&quot;background_background&quot;:&quot;classic&quot;}\">\n\t\t\t\t<\/div>\n\t\t\t\t\t<\/div>\n\t\t\t\t<\/div>\n\t\t<div class=\"elementor-element elementor-element-d5a4723 e-flex e-con-boxed e-con e-parent\" data-id=\"d5a4723\" data-element_type=\"container\">\n\t\t\t\t\t<div class=\"e-con-inner\">\n\t\t\t\t<div class=\"elementor-element elementor-element-4824b27 elementor-widget__width-initial elementor-widget elementor-widget-heading\" data-id=\"4824b27\" data-element_type=\"widget\" data-widget_type=\"heading.default\">\n\t\t\t\t<div class=\"elementor-widget-container\">\n\t\t\t\t\t<h2 class=\"elementor-heading-title elementor-size-default\">Les piliers sur lesquels repose notre travail<\/h2>\t\t\t\t<\/div>\n\t\t\t\t<\/div>\n\t\t<div class=\"elementor-element elementor-element-33002c5 e-con-full e-flex e-con e-child\" data-id=\"33002c5\" data-element_type=\"container\">\n\t\t<div class=\"elementor-element elementor-element-fedb58d e-con-full e-grid e-con e-child\" data-id=\"fedb58d\" data-element_type=\"container\">\n\t\t\t\t<div class=\"elementor-element elementor-element-a2ef55a elementor-widget elementor-widget-text-editor\" data-id=\"a2ef55a\" data-element_type=\"widget\" data-widget_type=\"text-editor.default\">\n\t\t\t\t<div class=\"elementor-widget-container\">\n\t\t\t\t\t\t\t\t\t<h5><strong>Vision<\/strong><\/h5>\n<p>Notre fondateur, Don Antonio P\u00e9rez, a commenc\u00e9 \u00e0 distribuer des olives \u00e0 bord de sa moto, avec un r\u00eave\u00a0: devenir le meilleur distributeur d\u2019olives de la r\u00e9gion. Sa vision a \u00e9t\u00e9 notre source d\u2019inspiration et le moteur qui a propuls\u00e9 nos efforts pour offrir les meilleures olives depuis 1962.<\/p>\n<h5><\/h5>\n<h5><strong>Passion<\/strong><\/h5>\n<p>Pour les fruits que nous donne la terre, pour l\u2019olivier\u2026 pour l\u2019olive. FRUYPER s\u2019engage \u00e0 offrir l\u2019excellence, en qu\u00eate de la meilleure qualit\u00e9 et du meilleur go\u00fbt, car nous sommes anim\u00e9s par la passion de notre travail et fiers de nos produits.<\/p>\n\t\t\t\t\t\t\t\t<\/div>\n\t\t\t\t<\/div>\n\t\t\t\t<div class=\"elementor-element elementor-element-c2a23f0 elementor-widget elementor-widget-text-editor\" data-id=\"c2a23f0\" data-element_type=\"widget\" data-widget_type=\"text-editor.default\">\n\t\t\t\t<div class=\"elementor-widget-container\">\n\t\t\t\t\t\t\t\t\t<h5><strong>Engagement<\/strong><\/h5>\n<p>Nous nous engageons \u00e0 faire en sorte que la marque FRUYPER soit reconnue pour sa qualit\u00e9 et son respect de l\u2019environnement. La pr\u00e9servation de la plan\u00e8te influence directement la qualit\u00e9 des fruits qu\u2019elle nous offre, c\u2019est pourquoi nous nous engageons \u00e0 en assurer la conservation pour continuer \u00e0 produire les meilleures conserves.<\/p>\n<h5>\u00a0<\/h5>\n<h5><strong>Tradition<\/strong><\/h5>\n<p>Dans la r\u00e9colte, la s\u00e9lection et la production, nous respectons et pr\u00e9servons les traditions, car nous connaissons les bienfaits qu\u2019elles apportent. Nous ressentons un profond attachement \u00e0 nos olives et nos conserves, ce qui nous pousse \u00e0 rechercher la perfection.<\/p>\n\t\t\t\t\t\t\t\t<\/div>\n\t\t\t\t<\/div>\n\t\t\t\t<\/div>\n\t\t\t\t<\/div>\n\t\t\t\t\t<\/div>\n\t\t\t\t<\/div>\n\t\t<div class=\"elementor-element elementor-element-1727ab1 e-con-full e-flex e-con e-parent\" data-id=\"1727ab1\" data-element_type=\"container\">\n\t\t\t\t<div class=\"elementor-element elementor-element-998627a elementor-widget elementor-widget-template\" data-id=\"998627a\" data-element_type=\"widget\" data-widget_type=\"template.default\">\n\t\t\t\t<div class=\"elementor-widget-container\">\n\t\t\t\t\t\t\t<div class=\"elementor-template\">\n\t\t\t\t\t<div data-elementor-type=\"container\" data-elementor-id=\"1913\" class=\"elementor elementor-1913 elementor-310\" data-elementor-post-type=\"elementor_library\">\n\t\t\t\t<div class=\"elementor-element elementor-element-56906846 e-con-full e-flex e-con e-parent\" data-id=\"56906846\" data-element_type=\"container\" data-settings=\"{&quot;background_background&quot;:&quot;classic&quot;}\">\n\t\t<div class=\"elementor-element elementor-element-6127ee4d e-con-full e-flex e-con e-child\" data-id=\"6127ee4d\" data-element_type=\"container\">\n\t\t\t\t<div class=\"elementor-element elementor-element-7e6bd10e elementor-widget elementor-widget-heading\" data-id=\"7e6bd10e\" data-element_type=\"widget\" data-widget_type=\"heading.default\">\n\t\t\t\t<div class=\"elementor-widget-container\">\n\t\t\t\t\t<div class=\"elementor-heading-title elementor-size-default\">Vous avez une question\u00a0?<\/div>\t\t\t\t<\/div>\n\t\t\t\t<\/div>\n\t\t\t\t<div class=\"elementor-element elementor-element-d650ae1 elementor-widget elementor-widget-heading\" data-id=\"d650ae1\" data-element_type=\"widget\" data-widget_type=\"heading.default\">\n\t\t\t\t<div class=\"elementor-widget-container\">\n\t\t\t\t\t<div class=\"elementor-heading-title elementor-size-default\">\u00c9crivez-nous, laissez-nous vous aider.<\/div>\t\t\t\t<\/div>\n\t\t\t\t<\/div>\n\t\t\t\t<div class=\"elementor-element elementor-element-5481ac86 elementor-widget elementor-widget-button\" data-id=\"5481ac86\" data-element_type=\"widget\" data-widget_type=\"button.default\">\n\t\t\t\t<div class=\"elementor-widget-container\">\n\t\t\t\t\t\t\t\t\t<div class=\"elementor-button-wrapper\">\n\t\t\t\t\t<a class=\"elementor-button elementor-button-link elementor-size-sm\" href=\"https:\/\/www.fruyper.com\/fr\/contact\/\">\n\t\t\t\t\t\t<span class=\"elementor-button-content-wrapper\">\n\t\t\t\t\t\t\t\t\t<span class=\"elementor-button-text\">Nous contacter<\/span>\n\t\t\t\t\t<\/span>\n\t\t\t\t\t<\/a>\n\t\t\t\t<\/div>\n\t\t\t\t\t\t\t\t<\/div>\n\t\t\t\t<\/div>\n\t\t\t\t<\/div>\n\t\t\t\t<\/div>\n\t\t\t\t<\/div>\n\t\t\t\t<\/div>\n\t\t\t\t\t\t<\/div>\n\t\t\t\t<\/div>\n\t\t\t\t<\/div>\n\t\t\t\t<\/div>\n\t\t","protected":false},"excerpt":{"rendered":"<p>Nous parions sur l\u2019avenir R&amp;D&amp;I Nous encourageons les solutions innovantes et le d\u00e9veloppement continu des produits traditionnels. Nous sommes FRUYPER, une entreprise qui parie sur l\u2019avenir, en d\u00e9veloppement constant et en qu\u00eate de solutions innovantes que nous appliquons \u00e0 des produits fabriqu\u00e9s traditionnellement. Le succ\u00e8s de chacune de nos nouvelles propositions repose sur une veille [&hellip;]<\/p>\n","protected":false},"author":1,"featured_media":0,"parent":0,"menu_order":0,"comment_status":"closed","ping_status":"closed","template":"","meta":{"_acf_changed":false,"footnotes":""},"class_list":["post-1799","page","type-page","status-publish","hentry"],"acf":[],"yoast_head":"<!-- This site is optimized with the Yoast SEO plugin v24.2 - https:\/\/yoast.com\/wordpress\/plugins\/seo\/ -->\n<title>R&amp;D&amp;I - Fruyper<\/title>\n<meta name=\"robots\" content=\"index, follow, max-snippet:-1, max-image-preview:large, max-video-preview:-1\" \/>\n<link rel=\"canonical\" href=\"https:\/\/www.fruyper.com\/fr\/r-d-i\/\" \/>\n<meta property=\"og:locale\" content=\"fr_FR\" \/>\n<meta property=\"og:type\" content=\"article\" \/>\n<meta property=\"og:title\" content=\"R&amp;D&amp;I - Fruyper\" \/>\n<meta property=\"og:description\" content=\"Nous parions sur l\u2019avenir R&amp;D&amp;I Nous encourageons les solutions innovantes et le d\u00e9veloppement continu des produits traditionnels. Nous sommes FRUYPER, une entreprise qui parie sur l\u2019avenir, en d\u00e9veloppement constant et en qu\u00eate de solutions innovantes que nous appliquons \u00e0 des produits fabriqu\u00e9s traditionnellement. Le succ\u00e8s de chacune de nos nouvelles propositions repose sur une veille [&hellip;]\" \/>\n<meta property=\"og:url\" content=\"https:\/\/www.fruyper.com\/fr\/r-d-i\/\" \/>\n<meta property=\"og:site_name\" content=\"Fruyper\" \/>\n<meta property=\"article:publisher\" content=\"https:\/\/www.facebook.com\/AceitunasFruyper\/\" \/>\n<meta property=\"article:modified_time\" content=\"2025-01-14T16:15:41+00:00\" \/>\n<meta name=\"twitter:card\" content=\"summary_large_image\" \/>\n<meta name=\"twitter:site\" content=\"@fruyper\" \/>\n<meta name=\"twitter:label1\" content=\"Dur\u00e9e de lecture estim\u00e9e\" \/>\n\t<meta name=\"twitter:data1\" content=\"1 minute\" \/>\n<script type=\"application\/ld+json\" class=\"yoast-schema-graph\">{\"@context\":\"https:\/\/schema.org\",\"@graph\":[{\"@type\":\"WebPage\",\"@id\":\"https:\/\/www.fruyper.com\/fr\/r-d-i\/\",\"url\":\"https:\/\/www.fruyper.com\/fr\/r-d-i\/\",\"name\":\"R&D&I - Fruyper\",\"isPartOf\":{\"@id\":\"https:\/\/www.fruyper.com\/fr\/#website\"},\"datePublished\":\"2024-10-11T09:07:00+00:00\",\"dateModified\":\"2025-01-14T16:15:41+00:00\",\"breadcrumb\":{\"@id\":\"https:\/\/www.fruyper.com\/fr\/r-d-i\/#breadcrumb\"},\"inLanguage\":\"fr-FR\",\"potentialAction\":[{\"@type\":\"ReadAction\",\"target\":[\"https:\/\/www.fruyper.com\/fr\/r-d-i\/\"]}]},{\"@type\":\"BreadcrumbList\",\"@id\":\"https:\/\/www.fruyper.com\/fr\/r-d-i\/#breadcrumb\",\"itemListElement\":[{\"@type\":\"ListItem\",\"position\":1,\"name\":\"Portada\",\"item\":\"https:\/\/www.fruyper.com\/fr\/\"},{\"@type\":\"ListItem\",\"position\":2,\"name\":\"R&#038;D&#038;I\"}]},{\"@type\":\"WebSite\",\"@id\":\"https:\/\/www.fruyper.com\/fr\/#website\",\"url\":\"https:\/\/www.fruyper.com\/fr\/\",\"name\":\"Fruyper\",\"description\":\"Elaboraci\u00f3n de encurtidos y aceitunas Espa\u00f1a, Murcia\",\"publisher\":{\"@id\":\"https:\/\/www.fruyper.com\/fr\/#organization\"},\"potentialAction\":[{\"@type\":\"SearchAction\",\"target\":{\"@type\":\"EntryPoint\",\"urlTemplate\":\"https:\/\/www.fruyper.com\/fr\/?s={search_term_string}\"},\"query-input\":{\"@type\":\"PropertyValueSpecification\",\"valueRequired\":true,\"valueName\":\"search_term_string\"}}],\"inLanguage\":\"fr-FR\"},{\"@type\":\"Organization\",\"@id\":\"https:\/\/www.fruyper.com\/fr\/#organization\",\"name\":\"Fruyper\",\"url\":\"https:\/\/www.fruyper.com\/fr\/\",\"logo\":{\"@type\":\"ImageObject\",\"inLanguage\":\"fr-FR\",\"@id\":\"https:\/\/www.fruyper.com\/fr\/#\/schema\/logo\/image\/\",\"url\":\"https:\/\/www.fruyper.com\/wp-content\/uploads\/2024\/10\/logo_web.png\",\"contentUrl\":\"https:\/\/www.fruyper.com\/wp-content\/uploads\/2024\/10\/logo_web.png\",\"width\":513,\"height\":205,\"caption\":\"Fruyper\"},\"image\":{\"@id\":\"https:\/\/www.fruyper.com\/fr\/#\/schema\/logo\/image\/\"},\"sameAs\":[\"https:\/\/www.facebook.com\/AceitunasFruyper\/\",\"https:\/\/x.com\/fruyper\"]}]}<\/script>\n<!-- \/ Yoast SEO plugin. -->","yoast_head_json":{"title":"R&D&I - Fruyper","robots":{"index":"index","follow":"follow","max-snippet":"max-snippet:-1","max-image-preview":"max-image-preview:large","max-video-preview":"max-video-preview:-1"},"canonical":"https:\/\/www.fruyper.com\/fr\/r-d-i\/","og_locale":"fr_FR","og_type":"article","og_title":"R&D&I - Fruyper","og_description":"Nous parions sur l\u2019avenir R&amp;D&amp;I Nous encourageons les solutions innovantes et le d\u00e9veloppement continu des produits traditionnels. Nous sommes FRUYPER, une entreprise qui parie sur l\u2019avenir, en d\u00e9veloppement constant et en qu\u00eate de solutions innovantes que nous appliquons \u00e0 des produits fabriqu\u00e9s traditionnellement. Le succ\u00e8s de chacune de nos nouvelles propositions repose sur une veille [&hellip;]","og_url":"https:\/\/www.fruyper.com\/fr\/r-d-i\/","og_site_name":"Fruyper","article_publisher":"https:\/\/www.facebook.com\/AceitunasFruyper\/","article_modified_time":"2025-01-14T16:15:41+00:00","twitter_card":"summary_large_image","twitter_site":"@fruyper","twitter_misc":{"Dur\u00e9e de lecture estim\u00e9e":"1 minute"},"schema":{"@context":"https:\/\/schema.org","@graph":[{"@type":"WebPage","@id":"https:\/\/www.fruyper.com\/fr\/r-d-i\/","url":"https:\/\/www.fruyper.com\/fr\/r-d-i\/","name":"R&D&I - Fruyper","isPartOf":{"@id":"https:\/\/www.fruyper.com\/fr\/#website"},"datePublished":"2024-10-11T09:07:00+00:00","dateModified":"2025-01-14T16:15:41+00:00","breadcrumb":{"@id":"https:\/\/www.fruyper.com\/fr\/r-d-i\/#breadcrumb"},"inLanguage":"fr-FR","potentialAction":[{"@type":"ReadAction","target":["https:\/\/www.fruyper.com\/fr\/r-d-i\/"]}]},{"@type":"BreadcrumbList","@id":"https:\/\/www.fruyper.com\/fr\/r-d-i\/#breadcrumb","itemListElement":[{"@type":"ListItem","position":1,"name":"Portada","item":"https:\/\/www.fruyper.com\/fr\/"},{"@type":"ListItem","position":2,"name":"R&#038;D&#038;I"}]},{"@type":"WebSite","@id":"https:\/\/www.fruyper.com\/fr\/#website","url":"https:\/\/www.fruyper.com\/fr\/","name":"Fruyper","description":"Elaboraci\u00f3n de encurtidos y aceitunas Espa\u00f1a, Murcia","publisher":{"@id":"https:\/\/www.fruyper.com\/fr\/#organization"},"potentialAction":[{"@type":"SearchAction","target":{"@type":"EntryPoint","urlTemplate":"https:\/\/www.fruyper.com\/fr\/?s={search_term_string}"},"query-input":{"@type":"PropertyValueSpecification","valueRequired":true,"valueName":"search_term_string"}}],"inLanguage":"fr-FR"},{"@type":"Organization","@id":"https:\/\/www.fruyper.com\/fr\/#organization","name":"Fruyper","url":"https:\/\/www.fruyper.com\/fr\/","logo":{"@type":"ImageObject","inLanguage":"fr-FR","@id":"https:\/\/www.fruyper.com\/fr\/#\/schema\/logo\/image\/","url":"https:\/\/www.fruyper.com\/wp-content\/uploads\/2024\/10\/logo_web.png","contentUrl":"https:\/\/www.fruyper.com\/wp-content\/uploads\/2024\/10\/logo_web.png","width":513,"height":205,"caption":"Fruyper"},"image":{"@id":"https:\/\/www.fruyper.com\/fr\/#\/schema\/logo\/image\/"},"sameAs":["https:\/\/www.facebook.com\/AceitunasFruyper\/","https:\/\/x.com\/fruyper"]}]}},"_links":{"self":[{"href":"https:\/\/www.fruyper.com\/fr\/wp-json\/wp\/v2\/pages\/1799","targetHints":{"allow":["GET"]}}],"collection":[{"href":"https:\/\/www.fruyper.com\/fr\/wp-json\/wp\/v2\/pages"}],"about":[{"href":"https:\/\/www.fruyper.com\/fr\/wp-json\/wp\/v2\/types\/page"}],"author":[{"embeddable":true,"href":"https:\/\/www.fruyper.com\/fr\/wp-json\/wp\/v2\/users\/1"}],"replies":[{"embeddable":true,"href":"https:\/\/www.fruyper.com\/fr\/wp-json\/wp\/v2\/comments?post=1799"}],"version-history":[{"count":1,"href":"https:\/\/www.fruyper.com\/fr\/wp-json\/wp\/v2\/pages\/1799\/revisions"}],"predecessor-version":[{"id":1802,"href":"https:\/\/www.fruyper.com\/fr\/wp-json\/wp\/v2\/pages\/1799\/revisions\/1802"}],"wp:attachment":[{"href":"https:\/\/www.fruyper.com\/fr\/wp-json\/wp\/v2\/media?parent=1799"}],"curies":[{"name":"wp","href":"https:\/\/api.w.org\/{rel}","templated":true}]}}