{"id":1805,"date":"2024-10-11T12:48:24","date_gmt":"2024-10-11T10:48:24","guid":{"rendered":"https:\/\/www.fruyper.com\/installations\/"},"modified":"2025-01-14T17:25:07","modified_gmt":"2025-01-14T16:25:07","slug":"installations","status":"publish","type":"page","link":"https:\/\/www.fruyper.com\/fr\/installations\/","title":{"rendered":"Installations"},"content":{"rendered":"\t\t<div data-elementor-type=\"wp-page\" data-elementor-id=\"1805\" class=\"elementor elementor-1805 elementor-374\" data-elementor-post-type=\"page\">\n\t\t\t\t<div class=\"elementor-element elementor-element-f13e739 heroparalax e-flex e-con-boxed e-con e-parent\" data-id=\"f13e739\" data-element_type=\"container\" data-settings=\"{&quot;background_background&quot;:&quot;classic&quot;}\">\n\t\t\t\t\t<div class=\"e-con-inner\">\n\t\t\t\t<div class=\"elementor-element elementor-element-c71cc40 elementor-widget elementor-widget-heading\" data-id=\"c71cc40\" data-element_type=\"widget\" data-widget_type=\"heading.default\">\n\t\t\t\t<div class=\"elementor-widget-container\">\n\t\t\t\t\t<h2 class=\"elementor-heading-title elementor-size-default\">Innovation et croissance durable<\/h2>\t\t\t\t<\/div>\n\t\t\t\t<\/div>\n\t\t\t\t\t<\/div>\n\t\t\t\t<\/div>\n\t\t<div class=\"elementor-element elementor-element-dbf3f0b e-flex e-con-boxed e-con e-parent\" data-id=\"dbf3f0b\" data-element_type=\"container\">\n\t\t\t\t\t<div class=\"e-con-inner\">\n\t\t<div class=\"elementor-element elementor-element-eebe834 e-con-full e-flex e-con e-child\" data-id=\"eebe834\" data-element_type=\"container\">\n\t\t<div class=\"elementor-element elementor-element-fb9d426 e-con-full e-flex e-con e-child\" data-id=\"fb9d426\" data-element_type=\"container\">\n\t\t\t\t<div class=\"elementor-element elementor-element-6577709 elementor-widget elementor-widget-heading\" data-id=\"6577709\" data-element_type=\"widget\" data-widget_type=\"heading.default\">\n\t\t\t\t<div class=\"elementor-widget-container\">\n\t\t\t\t\t<h2 class=\"elementor-heading-title elementor-size-default\">INSTALLATIONS<\/h2>\t\t\t\t<\/div>\n\t\t\t\t<\/div>\n\t\t\t\t<div class=\"elementor-element elementor-element-379b98b elementor-widget__width-initial elementor-widget-tablet__width-inherit elementor-widget elementor-widget-text-editor\" data-id=\"379b98b\" data-element_type=\"widget\" data-widget_type=\"text-editor.default\">\n\t\t\t\t<div class=\"elementor-widget-container\">\n\t\t\t\t\t\t\t\t\t<p>En tant que <strong>producteurs et distributeurs<\/strong>, nous disposons d\u2019usines de r\u00e9colte, de transformation et d\u2019emballage. Nos installations sont dot\u00e9es des \u00e9quipements et technologies les plus avanc\u00e9s. Chaque \u00e9tape est g\u00e9r\u00e9e et contr\u00f4l\u00e9e par du personnel qualifi\u00e9.<\/p>\n<p>Notre syst\u00e8me de production int\u00e9gr\u00e9 et notre volont\u00e9 de cro\u00eetre de mani\u00e8re durable nous permettent d\u2019\u00e9voluer et d\u2019exp\u00e9rimenter. Pour cela, nous avons le plus pr\u00e9cieux des atouts\u00a0: notre \u00e9quipe humaine.<\/p>\n<p><strong>La s\u00e9curit\u00e9 alimentaire et la qualit\u00e9<\/strong> du produit sont les piliers fondamentaux de notre activit\u00e9. C\u2019est pourquoi nos installations sont \u00e9quip\u00e9es pour garantir un produit d\u2019une durabilit\u00e9 et d\u2019une s\u00e9curit\u00e9 alimentaire optimales.<\/p>\n<p>Aujourd\u2019hui, avec <strong>plus de 70 collaborateurs directs<\/strong>, nous visons \u00e0 poursuivre notre d\u00e9veloppement pour g\u00e9n\u00e9rer de nouvelles opportunit\u00e9s et \u00e9tendre notre marque \u00e0 encore plus de pays.<\/p>\n\t\t\t\t\t\t\t\t<\/div>\n\t\t\t\t<\/div>\n\t\t\t\t<\/div>\n\t\t<div class=\"elementor-element elementor-element-25a6433 e-con-full genparalax gp-left e-flex e-con e-child\" data-id=\"25a6433\" data-element_type=\"container\" data-settings=\"{&quot;background_background&quot;:&quot;classic&quot;}\">\n\t\t\t\t<div class=\"elementor-element elementor-element-9edd66a elementor-widget elementor-widget-spacer\" data-id=\"9edd66a\" data-element_type=\"widget\" data-widget_type=\"spacer.default\">\n\t\t\t\t<div class=\"elementor-widget-container\">\n\t\t\t\t\t\t\t<div class=\"elementor-spacer\">\n\t\t\t<div class=\"elementor-spacer-inner\"><\/div>\n\t\t<\/div>\n\t\t\t\t\t\t<\/div>\n\t\t\t\t<\/div>\n\t\t\t\t<\/div>\n\t\t\t\t<\/div>\n\t\t\t\t\t<\/div>\n\t\t\t\t<\/div>\n\t\t<div class=\"elementor-element elementor-element-1727ab1 e-con-full e-flex e-con e-parent\" data-id=\"1727ab1\" data-element_type=\"container\">\n\t\t\t\t<div class=\"elementor-element elementor-element-998627a elementor-widget elementor-widget-template\" data-id=\"998627a\" data-element_type=\"widget\" data-widget_type=\"template.default\">\n\t\t\t\t<div class=\"elementor-widget-container\">\n\t\t\t\t\t\t\t<div class=\"elementor-template\">\n\t\t\t\t\t<div data-elementor-type=\"container\" data-elementor-id=\"1913\" class=\"elementor elementor-1913 elementor-310\" data-elementor-post-type=\"elementor_library\">\n\t\t\t\t<div class=\"elementor-element elementor-element-56906846 e-con-full e-flex e-con e-parent\" data-id=\"56906846\" data-element_type=\"container\" data-settings=\"{&quot;background_background&quot;:&quot;classic&quot;}\">\n\t\t<div class=\"elementor-element elementor-element-6127ee4d e-con-full e-flex e-con e-child\" data-id=\"6127ee4d\" data-element_type=\"container\">\n\t\t\t\t<div class=\"elementor-element elementor-element-7e6bd10e elementor-widget elementor-widget-heading\" data-id=\"7e6bd10e\" data-element_type=\"widget\" data-widget_type=\"heading.default\">\n\t\t\t\t<div class=\"elementor-widget-container\">\n\t\t\t\t\t<div class=\"elementor-heading-title elementor-size-default\">Vous avez une question\u00a0?<\/div>\t\t\t\t<\/div>\n\t\t\t\t<\/div>\n\t\t\t\t<div class=\"elementor-element elementor-element-d650ae1 elementor-widget elementor-widget-heading\" data-id=\"d650ae1\" data-element_type=\"widget\" data-widget_type=\"heading.default\">\n\t\t\t\t<div class=\"elementor-widget-container\">\n\t\t\t\t\t<div class=\"elementor-heading-title elementor-size-default\">\u00c9crivez-nous, laissez-nous vous aider.<\/div>\t\t\t\t<\/div>\n\t\t\t\t<\/div>\n\t\t\t\t<div class=\"elementor-element elementor-element-5481ac86 elementor-widget elementor-widget-button\" data-id=\"5481ac86\" data-element_type=\"widget\" data-widget_type=\"button.default\">\n\t\t\t\t<div class=\"elementor-widget-container\">\n\t\t\t\t\t\t\t\t\t<div class=\"elementor-button-wrapper\">\n\t\t\t\t\t<a class=\"elementor-button elementor-button-link elementor-size-sm\" href=\"https:\/\/www.fruyper.com\/fr\/contact\/\">\n\t\t\t\t\t\t<span class=\"elementor-button-content-wrapper\">\n\t\t\t\t\t\t\t\t\t<span class=\"elementor-button-text\">Nous contacter<\/span>\n\t\t\t\t\t<\/span>\n\t\t\t\t\t<\/a>\n\t\t\t\t<\/div>\n\t\t\t\t\t\t\t\t<\/div>\n\t\t\t\t<\/div>\n\t\t\t\t<\/div>\n\t\t\t\t<\/div>\n\t\t\t\t<\/div>\n\t\t\t\t<\/div>\n\t\t\t\t\t\t<\/div>\n\t\t\t\t<\/div>\n\t\t\t\t<\/div>\n\t\t\t\t<\/div>\n\t\t","protected":false},"excerpt":{"rendered":"<p>Innovation et croissance durable INSTALLATIONS En tant que producteurs et distributeurs, nous disposons d\u2019usines de r\u00e9colte, de transformation et d\u2019emballage. Nos installations sont dot\u00e9es des \u00e9quipements et technologies les plus avanc\u00e9s. Chaque \u00e9tape est g\u00e9r\u00e9e et contr\u00f4l\u00e9e par du personnel qualifi\u00e9. Notre syst\u00e8me de production int\u00e9gr\u00e9 et notre volont\u00e9 de cro\u00eetre de mani\u00e8re durable nous [&hellip;]<\/p>\n","protected":false},"author":1,"featured_media":0,"parent":0,"menu_order":0,"comment_status":"closed","ping_status":"closed","template":"","meta":{"_acf_changed":false,"footnotes":""},"class_list":["post-1805","page","type-page","status-publish","hentry"],"acf":[],"yoast_head":"<!-- This site is optimized with the Yoast SEO plugin v24.2 - https:\/\/yoast.com\/wordpress\/plugins\/seo\/ -->\n<title>Installations - Fruyper<\/title>\n<meta name=\"robots\" content=\"index, follow, max-snippet:-1, max-image-preview:large, max-video-preview:-1\" \/>\n<link rel=\"canonical\" href=\"https:\/\/www.fruyper.com\/fr\/installations\/\" \/>\n<meta property=\"og:locale\" content=\"fr_FR\" \/>\n<meta property=\"og:type\" content=\"article\" \/>\n<meta property=\"og:title\" content=\"Installations - Fruyper\" \/>\n<meta property=\"og:description\" content=\"Innovation et croissance durable INSTALLATIONS En tant que producteurs et distributeurs, nous disposons d\u2019usines de r\u00e9colte, de transformation et d\u2019emballage. Nos installations sont dot\u00e9es des \u00e9quipements et technologies les plus avanc\u00e9s. Chaque \u00e9tape est g\u00e9r\u00e9e et contr\u00f4l\u00e9e par du personnel qualifi\u00e9. Notre syst\u00e8me de production int\u00e9gr\u00e9 et notre volont\u00e9 de cro\u00eetre de mani\u00e8re durable nous [&hellip;]\" \/>\n<meta property=\"og:url\" content=\"https:\/\/www.fruyper.com\/fr\/installations\/\" \/>\n<meta property=\"og:site_name\" content=\"Fruyper\" \/>\n<meta property=\"article:publisher\" content=\"https:\/\/www.facebook.com\/AceitunasFruyper\/\" \/>\n<meta property=\"article:modified_time\" content=\"2025-01-14T16:25:07+00:00\" \/>\n<meta name=\"twitter:card\" content=\"summary_large_image\" \/>\n<meta name=\"twitter:site\" content=\"@fruyper\" \/>\n<meta name=\"twitter:label1\" content=\"Dur\u00e9e de lecture estim\u00e9e\" \/>\n\t<meta name=\"twitter:data1\" content=\"1 minute\" \/>\n<script type=\"application\/ld+json\" class=\"yoast-schema-graph\">{\"@context\":\"https:\/\/schema.org\",\"@graph\":[{\"@type\":\"WebPage\",\"@id\":\"https:\/\/www.fruyper.com\/fr\/installations\/\",\"url\":\"https:\/\/www.fruyper.com\/fr\/installations\/\",\"name\":\"Installations - Fruyper\",\"isPartOf\":{\"@id\":\"https:\/\/www.fruyper.com\/fr\/#website\"},\"datePublished\":\"2024-10-11T10:48:24+00:00\",\"dateModified\":\"2025-01-14T16:25:07+00:00\",\"breadcrumb\":{\"@id\":\"https:\/\/www.fruyper.com\/fr\/installations\/#breadcrumb\"},\"inLanguage\":\"fr-FR\",\"potentialAction\":[{\"@type\":\"ReadAction\",\"target\":[\"https:\/\/www.fruyper.com\/fr\/installations\/\"]}]},{\"@type\":\"BreadcrumbList\",\"@id\":\"https:\/\/www.fruyper.com\/fr\/installations\/#breadcrumb\",\"itemListElement\":[{\"@type\":\"ListItem\",\"position\":1,\"name\":\"Portada\",\"item\":\"https:\/\/www.fruyper.com\/fr\/\"},{\"@type\":\"ListItem\",\"position\":2,\"name\":\"Installations\"}]},{\"@type\":\"WebSite\",\"@id\":\"https:\/\/www.fruyper.com\/fr\/#website\",\"url\":\"https:\/\/www.fruyper.com\/fr\/\",\"name\":\"Fruyper\",\"description\":\"Elaboraci\u00f3n de encurtidos y aceitunas Espa\u00f1a, Murcia\",\"publisher\":{\"@id\":\"https:\/\/www.fruyper.com\/fr\/#organization\"},\"potentialAction\":[{\"@type\":\"SearchAction\",\"target\":{\"@type\":\"EntryPoint\",\"urlTemplate\":\"https:\/\/www.fruyper.com\/fr\/?s={search_term_string}\"},\"query-input\":{\"@type\":\"PropertyValueSpecification\",\"valueRequired\":true,\"valueName\":\"search_term_string\"}}],\"inLanguage\":\"fr-FR\"},{\"@type\":\"Organization\",\"@id\":\"https:\/\/www.fruyper.com\/fr\/#organization\",\"name\":\"Fruyper\",\"url\":\"https:\/\/www.fruyper.com\/fr\/\",\"logo\":{\"@type\":\"ImageObject\",\"inLanguage\":\"fr-FR\",\"@id\":\"https:\/\/www.fruyper.com\/fr\/#\/schema\/logo\/image\/\",\"url\":\"https:\/\/www.fruyper.com\/wp-content\/uploads\/2024\/10\/logo_web.png\",\"contentUrl\":\"https:\/\/www.fruyper.com\/wp-content\/uploads\/2024\/10\/logo_web.png\",\"width\":513,\"height\":205,\"caption\":\"Fruyper\"},\"image\":{\"@id\":\"https:\/\/www.fruyper.com\/fr\/#\/schema\/logo\/image\/\"},\"sameAs\":[\"https:\/\/www.facebook.com\/AceitunasFruyper\/\",\"https:\/\/x.com\/fruyper\"]}]}<\/script>\n<!-- \/ Yoast SEO plugin. -->","yoast_head_json":{"title":"Installations - Fruyper","robots":{"index":"index","follow":"follow","max-snippet":"max-snippet:-1","max-image-preview":"max-image-preview:large","max-video-preview":"max-video-preview:-1"},"canonical":"https:\/\/www.fruyper.com\/fr\/installations\/","og_locale":"fr_FR","og_type":"article","og_title":"Installations - Fruyper","og_description":"Innovation et croissance durable INSTALLATIONS En tant que producteurs et distributeurs, nous disposons d\u2019usines de r\u00e9colte, de transformation et d\u2019emballage. Nos installations sont dot\u00e9es des \u00e9quipements et technologies les plus avanc\u00e9s. Chaque \u00e9tape est g\u00e9r\u00e9e et contr\u00f4l\u00e9e par du personnel qualifi\u00e9. Notre syst\u00e8me de production int\u00e9gr\u00e9 et notre volont\u00e9 de cro\u00eetre de mani\u00e8re durable nous [&hellip;]","og_url":"https:\/\/www.fruyper.com\/fr\/installations\/","og_site_name":"Fruyper","article_publisher":"https:\/\/www.facebook.com\/AceitunasFruyper\/","article_modified_time":"2025-01-14T16:25:07+00:00","twitter_card":"summary_large_image","twitter_site":"@fruyper","twitter_misc":{"Dur\u00e9e de lecture estim\u00e9e":"1 minute"},"schema":{"@context":"https:\/\/schema.org","@graph":[{"@type":"WebPage","@id":"https:\/\/www.fruyper.com\/fr\/installations\/","url":"https:\/\/www.fruyper.com\/fr\/installations\/","name":"Installations - Fruyper","isPartOf":{"@id":"https:\/\/www.fruyper.com\/fr\/#website"},"datePublished":"2024-10-11T10:48:24+00:00","dateModified":"2025-01-14T16:25:07+00:00","breadcrumb":{"@id":"https:\/\/www.fruyper.com\/fr\/installations\/#breadcrumb"},"inLanguage":"fr-FR","potentialAction":[{"@type":"ReadAction","target":["https:\/\/www.fruyper.com\/fr\/installations\/"]}]},{"@type":"BreadcrumbList","@id":"https:\/\/www.fruyper.com\/fr\/installations\/#breadcrumb","itemListElement":[{"@type":"ListItem","position":1,"name":"Portada","item":"https:\/\/www.fruyper.com\/fr\/"},{"@type":"ListItem","position":2,"name":"Installations"}]},{"@type":"WebSite","@id":"https:\/\/www.fruyper.com\/fr\/#website","url":"https:\/\/www.fruyper.com\/fr\/","name":"Fruyper","description":"Elaboraci\u00f3n de encurtidos y aceitunas Espa\u00f1a, Murcia","publisher":{"@id":"https:\/\/www.fruyper.com\/fr\/#organization"},"potentialAction":[{"@type":"SearchAction","target":{"@type":"EntryPoint","urlTemplate":"https:\/\/www.fruyper.com\/fr\/?s={search_term_string}"},"query-input":{"@type":"PropertyValueSpecification","valueRequired":true,"valueName":"search_term_string"}}],"inLanguage":"fr-FR"},{"@type":"Organization","@id":"https:\/\/www.fruyper.com\/fr\/#organization","name":"Fruyper","url":"https:\/\/www.fruyper.com\/fr\/","logo":{"@type":"ImageObject","inLanguage":"fr-FR","@id":"https:\/\/www.fruyper.com\/fr\/#\/schema\/logo\/image\/","url":"https:\/\/www.fruyper.com\/wp-content\/uploads\/2024\/10\/logo_web.png","contentUrl":"https:\/\/www.fruyper.com\/wp-content\/uploads\/2024\/10\/logo_web.png","width":513,"height":205,"caption":"Fruyper"},"image":{"@id":"https:\/\/www.fruyper.com\/fr\/#\/schema\/logo\/image\/"},"sameAs":["https:\/\/www.facebook.com\/AceitunasFruyper\/","https:\/\/x.com\/fruyper"]}]}},"_links":{"self":[{"href":"https:\/\/www.fruyper.com\/fr\/wp-json\/wp\/v2\/pages\/1805","targetHints":{"allow":["GET"]}}],"collection":[{"href":"https:\/\/www.fruyper.com\/fr\/wp-json\/wp\/v2\/pages"}],"about":[{"href":"https:\/\/www.fruyper.com\/fr\/wp-json\/wp\/v2\/types\/page"}],"author":[{"embeddable":true,"href":"https:\/\/www.fruyper.com\/fr\/wp-json\/wp\/v2\/users\/1"}],"replies":[{"embeddable":true,"href":"https:\/\/www.fruyper.com\/fr\/wp-json\/wp\/v2\/comments?post=1805"}],"version-history":[{"count":1,"href":"https:\/\/www.fruyper.com\/fr\/wp-json\/wp\/v2\/pages\/1805\/revisions"}],"predecessor-version":[{"id":1808,"href":"https:\/\/www.fruyper.com\/fr\/wp-json\/wp\/v2\/pages\/1805\/revisions\/1808"}],"wp:attachment":[{"href":"https:\/\/www.fruyper.com\/fr\/wp-json\/wp\/v2\/media?parent=1805"}],"curies":[{"name":"wp","href":"https:\/\/api.w.org\/{rel}","templated":true}]}}