{"id":1809,"date":"2024-10-16T11:50:44","date_gmt":"2024-10-16T09:50:44","guid":{"rendered":"https:\/\/www.fruyper.com\/marque-de-distributeur\/"},"modified":"2025-01-14T17:27:21","modified_gmt":"2025-01-14T16:27:21","slug":"marque-de-distributeur","status":"publish","type":"page","link":"https:\/\/www.fruyper.com\/fr\/marque-de-distributeur\/","title":{"rendered":"Marque de distributeur"},"content":{"rendered":"\t\t<div data-elementor-type=\"wp-page\" data-elementor-id=\"1809\" class=\"elementor elementor-1809 elementor-745\" data-elementor-post-type=\"page\">\n\t\t\t\t<div class=\"elementor-element elementor-element-f13e739 heroparalax e-flex e-con-boxed e-con e-parent\" data-id=\"f13e739\" data-element_type=\"container\" data-settings=\"{&quot;background_background&quot;:&quot;classic&quot;}\">\n\t\t\t\t\t<div class=\"e-con-inner\">\n\t\t\t\t<div class=\"elementor-element elementor-element-c71cc40 elementor-widget elementor-widget-heading\" data-id=\"c71cc40\" data-element_type=\"widget\" data-widget_type=\"heading.default\">\n\t\t\t\t<div class=\"elementor-widget-container\">\n\t\t\t\t\t<h2 class=\"elementor-heading-title elementor-size-default\">Marque de distributeur<\/h2>\t\t\t\t<\/div>\n\t\t\t\t<\/div>\n\t\t\t\t\t<\/div>\n\t\t\t\t<\/div>\n\t\t<div class=\"elementor-element elementor-element-dbf3f0b e-flex e-con-boxed e-con e-parent\" data-id=\"dbf3f0b\" data-element_type=\"container\">\n\t\t\t\t\t<div class=\"e-con-inner\">\n\t\t<div class=\"elementor-element elementor-element-eebe834 e-con-full e-flex e-con e-child\" data-id=\"eebe834\" data-element_type=\"container\">\n\t\t<div class=\"elementor-element elementor-element-fb9d426 e-con-full e-flex e-con e-child\" data-id=\"fb9d426\" data-element_type=\"container\">\n\t\t\t\t<div class=\"elementor-element elementor-element-6577709 elementor-widget elementor-widget-heading\" data-id=\"6577709\" data-element_type=\"widget\" data-widget_type=\"heading.default\">\n\t\t\t\t<div class=\"elementor-widget-container\">\n\t\t\t\t\t<h2 class=\"elementor-heading-title elementor-size-default\">MARQUE DE DISTRIBUTEUR<\/h2>\t\t\t\t<\/div>\n\t\t\t\t<\/div>\n\t\t\t\t<div class=\"elementor-element elementor-element-379b98b elementor-widget__width-initial elementor-widget-tablet__width-inherit elementor-widget elementor-widget-text-editor\" data-id=\"379b98b\" data-element_type=\"widget\" data-widget_type=\"text-editor.default\">\n\t\t\t\t<div class=\"elementor-widget-container\">\n\t\t\t\t\t\t\t\t\t<p>En tant que <strong>producteurs et distributeurs d\u2019olives et de conserves<\/strong>, notre ma\u00eetrise du secteur et notre engagement envers la satisfaction des clients <strong>nous permettent de fournir des mati\u00e8res premi\u00e8res de qualit\u00e9<\/strong>, ajust\u00e9es aux besoins sp\u00e9cifiques de nos clients. Notre \u00e9quipe travaille main dans la main avec les responsables des marques pour livrer le produit selon leurs besoins pr\u00e9cis.<\/p>\n\t\t\t\t\t\t\t\t<\/div>\n\t\t\t\t<\/div>\n\t\t\t\t<\/div>\n\t\t<div class=\"elementor-element elementor-element-25a6433 e-con-full genparalax gp-left e-flex e-con e-child\" data-id=\"25a6433\" data-element_type=\"container\" data-settings=\"{&quot;background_background&quot;:&quot;classic&quot;}\">\n\t\t\t\t<div class=\"elementor-element elementor-element-9edd66a elementor-widget elementor-widget-spacer\" data-id=\"9edd66a\" data-element_type=\"widget\" data-widget_type=\"spacer.default\">\n\t\t\t\t<div class=\"elementor-widget-container\">\n\t\t\t\t\t\t\t<div class=\"elementor-spacer\">\n\t\t\t<div class=\"elementor-spacer-inner\"><\/div>\n\t\t<\/div>\n\t\t\t\t\t\t<\/div>\n\t\t\t\t<\/div>\n\t\t\t\t<\/div>\n\t\t\t\t<\/div>\n\t\t\t\t\t<\/div>\n\t\t\t\t<\/div>\n\t\t<div class=\"elementor-element elementor-element-1727ab1 e-con-full e-flex e-con e-parent\" data-id=\"1727ab1\" data-element_type=\"container\">\n\t\t\t\t<div class=\"elementor-element elementor-element-998627a elementor-widget elementor-widget-template\" data-id=\"998627a\" data-element_type=\"widget\" data-widget_type=\"template.default\">\n\t\t\t\t<div class=\"elementor-widget-container\">\n\t\t\t\t\t\t\t<div class=\"elementor-template\">\n\t\t\t\t\t<div data-elementor-type=\"container\" data-elementor-id=\"1913\" class=\"elementor elementor-1913 elementor-310\" data-elementor-post-type=\"elementor_library\">\n\t\t\t\t<div class=\"elementor-element elementor-element-56906846 e-con-full e-flex e-con e-parent\" data-id=\"56906846\" data-element_type=\"container\" data-settings=\"{&quot;background_background&quot;:&quot;classic&quot;}\">\n\t\t<div class=\"elementor-element elementor-element-6127ee4d e-con-full e-flex e-con e-child\" data-id=\"6127ee4d\" data-element_type=\"container\">\n\t\t\t\t<div class=\"elementor-element elementor-element-7e6bd10e elementor-widget elementor-widget-heading\" data-id=\"7e6bd10e\" data-element_type=\"widget\" data-widget_type=\"heading.default\">\n\t\t\t\t<div class=\"elementor-widget-container\">\n\t\t\t\t\t<div class=\"elementor-heading-title elementor-size-default\">Vous avez une question\u00a0?<\/div>\t\t\t\t<\/div>\n\t\t\t\t<\/div>\n\t\t\t\t<div class=\"elementor-element elementor-element-d650ae1 elementor-widget elementor-widget-heading\" data-id=\"d650ae1\" data-element_type=\"widget\" data-widget_type=\"heading.default\">\n\t\t\t\t<div class=\"elementor-widget-container\">\n\t\t\t\t\t<div class=\"elementor-heading-title elementor-size-default\">\u00c9crivez-nous, laissez-nous vous aider.<\/div>\t\t\t\t<\/div>\n\t\t\t\t<\/div>\n\t\t\t\t<div class=\"elementor-element elementor-element-5481ac86 elementor-widget elementor-widget-button\" data-id=\"5481ac86\" data-element_type=\"widget\" data-widget_type=\"button.default\">\n\t\t\t\t<div class=\"elementor-widget-container\">\n\t\t\t\t\t\t\t\t\t<div class=\"elementor-button-wrapper\">\n\t\t\t\t\t<a class=\"elementor-button elementor-button-link elementor-size-sm\" href=\"https:\/\/www.fruyper.com\/fr\/contact\/\">\n\t\t\t\t\t\t<span class=\"elementor-button-content-wrapper\">\n\t\t\t\t\t\t\t\t\t<span class=\"elementor-button-text\">Nous contacter<\/span>\n\t\t\t\t\t<\/span>\n\t\t\t\t\t<\/a>\n\t\t\t\t<\/div>\n\t\t\t\t\t\t\t\t<\/div>\n\t\t\t\t<\/div>\n\t\t\t\t<\/div>\n\t\t\t\t<\/div>\n\t\t\t\t<\/div>\n\t\t\t\t<\/div>\n\t\t\t\t\t\t<\/div>\n\t\t\t\t<\/div>\n\t\t\t\t<\/div>\n\t\t\t\t<\/div>\n\t\t","protected":false},"excerpt":{"rendered":"<p>Marque de distributeur MARQUE DE DISTRIBUTEUR En tant que producteurs et distributeurs d\u2019olives et de conserves, notre ma\u00eetrise du secteur et notre engagement envers la satisfaction des clients nous permettent de fournir des mati\u00e8res premi\u00e8res de qualit\u00e9, ajust\u00e9es aux besoins sp\u00e9cifiques de nos clients. Notre \u00e9quipe travaille main dans la main avec les responsables des [&hellip;]<\/p>\n","protected":false},"author":1,"featured_media":0,"parent":0,"menu_order":0,"comment_status":"closed","ping_status":"closed","template":"","meta":{"_acf_changed":false,"footnotes":""},"class_list":["post-1809","page","type-page","status-publish","hentry"],"acf":[],"yoast_head":"<!-- This site is optimized with the Yoast SEO plugin v24.2 - https:\/\/yoast.com\/wordpress\/plugins\/seo\/ -->\n<title>Marque de distributeur - Fruyper<\/title>\n<meta name=\"robots\" content=\"index, follow, max-snippet:-1, max-image-preview:large, max-video-preview:-1\" \/>\n<link rel=\"canonical\" href=\"https:\/\/www.fruyper.com\/fr\/marque-de-distributeur\/\" \/>\n<meta property=\"og:locale\" content=\"fr_FR\" \/>\n<meta property=\"og:type\" content=\"article\" \/>\n<meta property=\"og:title\" content=\"Marque de distributeur - Fruyper\" \/>\n<meta property=\"og:description\" content=\"Marque de distributeur MARQUE DE DISTRIBUTEUR En tant que producteurs et distributeurs d\u2019olives et de conserves, notre ma\u00eetrise du secteur et notre engagement envers la satisfaction des clients nous permettent de fournir des mati\u00e8res premi\u00e8res de qualit\u00e9, ajust\u00e9es aux besoins sp\u00e9cifiques de nos clients. Notre \u00e9quipe travaille main dans la main avec les responsables des [&hellip;]\" \/>\n<meta property=\"og:url\" content=\"https:\/\/www.fruyper.com\/fr\/marque-de-distributeur\/\" \/>\n<meta property=\"og:site_name\" content=\"Fruyper\" \/>\n<meta property=\"article:publisher\" content=\"https:\/\/www.facebook.com\/AceitunasFruyper\/\" \/>\n<meta property=\"article:modified_time\" content=\"2025-01-14T16:27:21+00:00\" \/>\n<meta name=\"twitter:card\" content=\"summary_large_image\" \/>\n<meta name=\"twitter:site\" content=\"@fruyper\" \/>\n<script type=\"application\/ld+json\" class=\"yoast-schema-graph\">{\"@context\":\"https:\/\/schema.org\",\"@graph\":[{\"@type\":\"WebPage\",\"@id\":\"https:\/\/www.fruyper.com\/fr\/marque-de-distributeur\/\",\"url\":\"https:\/\/www.fruyper.com\/fr\/marque-de-distributeur\/\",\"name\":\"Marque de distributeur - Fruyper\",\"isPartOf\":{\"@id\":\"https:\/\/www.fruyper.com\/fr\/#website\"},\"datePublished\":\"2024-10-16T09:50:44+00:00\",\"dateModified\":\"2025-01-14T16:27:21+00:00\",\"breadcrumb\":{\"@id\":\"https:\/\/www.fruyper.com\/fr\/marque-de-distributeur\/#breadcrumb\"},\"inLanguage\":\"fr-FR\",\"potentialAction\":[{\"@type\":\"ReadAction\",\"target\":[\"https:\/\/www.fruyper.com\/fr\/marque-de-distributeur\/\"]}]},{\"@type\":\"BreadcrumbList\",\"@id\":\"https:\/\/www.fruyper.com\/fr\/marque-de-distributeur\/#breadcrumb\",\"itemListElement\":[{\"@type\":\"ListItem\",\"position\":1,\"name\":\"Portada\",\"item\":\"https:\/\/www.fruyper.com\/fr\/\"},{\"@type\":\"ListItem\",\"position\":2,\"name\":\"Marque de distributeur\"}]},{\"@type\":\"WebSite\",\"@id\":\"https:\/\/www.fruyper.com\/fr\/#website\",\"url\":\"https:\/\/www.fruyper.com\/fr\/\",\"name\":\"Fruyper\",\"description\":\"Elaboraci\u00f3n de encurtidos y aceitunas Espa\u00f1a, Murcia\",\"publisher\":{\"@id\":\"https:\/\/www.fruyper.com\/fr\/#organization\"},\"potentialAction\":[{\"@type\":\"SearchAction\",\"target\":{\"@type\":\"EntryPoint\",\"urlTemplate\":\"https:\/\/www.fruyper.com\/fr\/?s={search_term_string}\"},\"query-input\":{\"@type\":\"PropertyValueSpecification\",\"valueRequired\":true,\"valueName\":\"search_term_string\"}}],\"inLanguage\":\"fr-FR\"},{\"@type\":\"Organization\",\"@id\":\"https:\/\/www.fruyper.com\/fr\/#organization\",\"name\":\"Fruyper\",\"url\":\"https:\/\/www.fruyper.com\/fr\/\",\"logo\":{\"@type\":\"ImageObject\",\"inLanguage\":\"fr-FR\",\"@id\":\"https:\/\/www.fruyper.com\/fr\/#\/schema\/logo\/image\/\",\"url\":\"https:\/\/www.fruyper.com\/wp-content\/uploads\/2024\/10\/logo_web.png\",\"contentUrl\":\"https:\/\/www.fruyper.com\/wp-content\/uploads\/2024\/10\/logo_web.png\",\"width\":513,\"height\":205,\"caption\":\"Fruyper\"},\"image\":{\"@id\":\"https:\/\/www.fruyper.com\/fr\/#\/schema\/logo\/image\/\"},\"sameAs\":[\"https:\/\/www.facebook.com\/AceitunasFruyper\/\",\"https:\/\/x.com\/fruyper\"]}]}<\/script>\n<!-- \/ Yoast SEO plugin. -->","yoast_head_json":{"title":"Marque de distributeur - Fruyper","robots":{"index":"index","follow":"follow","max-snippet":"max-snippet:-1","max-image-preview":"max-image-preview:large","max-video-preview":"max-video-preview:-1"},"canonical":"https:\/\/www.fruyper.com\/fr\/marque-de-distributeur\/","og_locale":"fr_FR","og_type":"article","og_title":"Marque de distributeur - Fruyper","og_description":"Marque de distributeur MARQUE DE DISTRIBUTEUR En tant que producteurs et distributeurs d\u2019olives et de conserves, notre ma\u00eetrise du secteur et notre engagement envers la satisfaction des clients nous permettent de fournir des mati\u00e8res premi\u00e8res de qualit\u00e9, ajust\u00e9es aux besoins sp\u00e9cifiques de nos clients. Notre \u00e9quipe travaille main dans la main avec les responsables des [&hellip;]","og_url":"https:\/\/www.fruyper.com\/fr\/marque-de-distributeur\/","og_site_name":"Fruyper","article_publisher":"https:\/\/www.facebook.com\/AceitunasFruyper\/","article_modified_time":"2025-01-14T16:27:21+00:00","twitter_card":"summary_large_image","twitter_site":"@fruyper","schema":{"@context":"https:\/\/schema.org","@graph":[{"@type":"WebPage","@id":"https:\/\/www.fruyper.com\/fr\/marque-de-distributeur\/","url":"https:\/\/www.fruyper.com\/fr\/marque-de-distributeur\/","name":"Marque de distributeur - Fruyper","isPartOf":{"@id":"https:\/\/www.fruyper.com\/fr\/#website"},"datePublished":"2024-10-16T09:50:44+00:00","dateModified":"2025-01-14T16:27:21+00:00","breadcrumb":{"@id":"https:\/\/www.fruyper.com\/fr\/marque-de-distributeur\/#breadcrumb"},"inLanguage":"fr-FR","potentialAction":[{"@type":"ReadAction","target":["https:\/\/www.fruyper.com\/fr\/marque-de-distributeur\/"]}]},{"@type":"BreadcrumbList","@id":"https:\/\/www.fruyper.com\/fr\/marque-de-distributeur\/#breadcrumb","itemListElement":[{"@type":"ListItem","position":1,"name":"Portada","item":"https:\/\/www.fruyper.com\/fr\/"},{"@type":"ListItem","position":2,"name":"Marque de distributeur"}]},{"@type":"WebSite","@id":"https:\/\/www.fruyper.com\/fr\/#website","url":"https:\/\/www.fruyper.com\/fr\/","name":"Fruyper","description":"Elaboraci\u00f3n de encurtidos y aceitunas Espa\u00f1a, Murcia","publisher":{"@id":"https:\/\/www.fruyper.com\/fr\/#organization"},"potentialAction":[{"@type":"SearchAction","target":{"@type":"EntryPoint","urlTemplate":"https:\/\/www.fruyper.com\/fr\/?s={search_term_string}"},"query-input":{"@type":"PropertyValueSpecification","valueRequired":true,"valueName":"search_term_string"}}],"inLanguage":"fr-FR"},{"@type":"Organization","@id":"https:\/\/www.fruyper.com\/fr\/#organization","name":"Fruyper","url":"https:\/\/www.fruyper.com\/fr\/","logo":{"@type":"ImageObject","inLanguage":"fr-FR","@id":"https:\/\/www.fruyper.com\/fr\/#\/schema\/logo\/image\/","url":"https:\/\/www.fruyper.com\/wp-content\/uploads\/2024\/10\/logo_web.png","contentUrl":"https:\/\/www.fruyper.com\/wp-content\/uploads\/2024\/10\/logo_web.png","width":513,"height":205,"caption":"Fruyper"},"image":{"@id":"https:\/\/www.fruyper.com\/fr\/#\/schema\/logo\/image\/"},"sameAs":["https:\/\/www.facebook.com\/AceitunasFruyper\/","https:\/\/x.com\/fruyper"]}]}},"_links":{"self":[{"href":"https:\/\/www.fruyper.com\/fr\/wp-json\/wp\/v2\/pages\/1809","targetHints":{"allow":["GET"]}}],"collection":[{"href":"https:\/\/www.fruyper.com\/fr\/wp-json\/wp\/v2\/pages"}],"about":[{"href":"https:\/\/www.fruyper.com\/fr\/wp-json\/wp\/v2\/types\/page"}],"author":[{"embeddable":true,"href":"https:\/\/www.fruyper.com\/fr\/wp-json\/wp\/v2\/users\/1"}],"replies":[{"embeddable":true,"href":"https:\/\/www.fruyper.com\/fr\/wp-json\/wp\/v2\/comments?post=1809"}],"version-history":[{"count":1,"href":"https:\/\/www.fruyper.com\/fr\/wp-json\/wp\/v2\/pages\/1809\/revisions"}],"predecessor-version":[{"id":1811,"href":"https:\/\/www.fruyper.com\/fr\/wp-json\/wp\/v2\/pages\/1809\/revisions\/1811"}],"wp:attachment":[{"href":"https:\/\/www.fruyper.com\/fr\/wp-json\/wp\/v2\/media?parent=1809"}],"curies":[{"name":"wp","href":"https:\/\/api.w.org\/{rel}","templated":true}]}}